{"id":24471,"date":"2026-03-11T18:02:28","date_gmt":"2026-03-11T17:02:28","guid":{"rendered":"https:\/\/hortalizascandido.com\/politica-de-privacidad\/"},"modified":"2026-03-17T11:50:37","modified_gmt":"2026-03-17T10:50:37","slug":"politique-de-confidentialite","status":"publish","type":"page","link":"https:\/\/hortalizascandido.com\/fr\/politique-de-confidentialite\/","title":{"rendered":"Politique de confidentialit\u00e9"},"content":{"rendered":"\t\t<div data-elementor-type=\"wp-page\" data-elementor-id=\"24471\" class=\"elementor elementor-24471 elementor-24415\">\n\t\t\t\t\t\t<section class=\"elementor-section elementor-top-section elementor-element elementor-element-4670973f elementor-section-boxed elementor-section-height-default elementor-section-height-default\" data-id=\"4670973f\" data-element_type=\"section\" data-e-type=\"section\" id=\"div-privacidad\">\n\t\t\t\t\t\t<div class=\"elementor-container elementor-column-gap-default\">\n\t\t\t\t\t<div class=\"elementor-column elementor-col-100 elementor-top-column elementor-element elementor-element-320cce8c\" data-id=\"320cce8c\" data-element_type=\"column\" data-e-type=\"column\">\n\t\t\t<div class=\"elementor-widget-wrap elementor-element-populated\">\n\t\t\t\t\t\t<div class=\"elementor-element elementor-element-9257c9c elementor-widget elementor-widget-agrarium_heading\" data-id=\"9257c9c\" data-element_type=\"widget\" data-e-type=\"widget\" data-widget_type=\"agrarium_heading.default\">\n\t\t\t\t<div class=\"elementor-widget-container\">\n\t\t\t\t\t<div class=\"agrarium-heading-widget\"><h1 class=\"agrarium-heading\"><span class=\"agrarium-heading-content emutation\">Politique de confidentialit\u00e9 - Vos \u200b\u200bdonn\u00e9es sont en s\u00e9curit\u00e9<\/span><\/h1><\/div>\t\t\t\t<\/div>\n\t\t\t\t<\/div>\n\t\t\t\t<div class=\"elementor-element elementor-element-6d932b5 elementor-widget elementor-widget-agrarium_heading\" data-id=\"6d932b5\" data-element_type=\"widget\" data-e-type=\"widget\" data-widget_type=\"agrarium_heading.default\">\n\t\t\t\t<div class=\"elementor-widget-container\">\n\t\t\t\t\t<div class=\"agrarium-heading-widget\"><h2 class=\"agrarium-heading\"><span class=\"agrarium-heading-content emutation\"><span class=\"HwtZe\"><span class=\"jCAhz ChMk0b\"><span class=\"ryNqvb\">Informations conformes \u00e0 la r\u00e9glementation sur la protection des donn\u00e9es personnelles<\/span><\/span><\/span><\/span><\/h2><\/div>\t\t\t\t<\/div>\n\t\t\t\t<\/div>\n\t\t\t\t<div class=\"elementor-element elementor-element-fa777a0 elementor-widget elementor-widget-text-editor\" data-id=\"fa777a0\" data-element_type=\"widget\" data-e-type=\"widget\" data-widget_type=\"text-editor.default\">\n\t\t\t\t<div class=\"elementor-widget-container\">\n\t\t\t\t\t\t\t\t\t<p>En Europe et en Espagne, la r\u00e9glementation sur la protection des donn\u00e9es vise \u00e0 prot\u00e9ger vos informations personnelles, et notre organisation est l\u00e9galement tenue de s&rsquo;y conformer.<\/p><p>C&rsquo;est pourquoi il est essentiel pour nous que vous compreniez parfaitement l&rsquo;utilisation que nous ferons des donn\u00e9es personnelles que nous vous demandons.<\/p><p>Nous nous engageons \u00e0 la transparence et vous donnerons le contr\u00f4le de vos donn\u00e9es, gr\u00e2ce \u00e0 un langage simple et des options claires vous permettant de d\u00e9cider de leur utilisation.<\/p><p>Si vous avez des questions apr\u00e8s avoir lu ces informations, n&rsquo;h\u00e9sitez pas \u00e0 nous les poser.<\/p><p>Nous vous remercions de votre collaboration.<\/p>\t\t\t\t\t\t\t\t<\/div>\n\t\t\t\t<\/div>\n\t\t\t\t<div class=\"elementor-element elementor-element-918f4b0 elementor-widget elementor-widget-text-editor\" data-id=\"918f4b0\" data-element_type=\"widget\" data-e-type=\"widget\" data-widget_type=\"text-editor.default\">\n\t\t\t\t<div class=\"elementor-widget-container\">\n\t\t\t\t\t\t\t\t\t<h3>Qui sommes-nous ?<\/h3><ul><li>Nom de l&rsquo;entreprise : <strong>C\u00c1NDIDO MU\u00d1OZ PASCUAL, S.L.<\/strong><\/li><li>Num\u00e9ro de TVA : <strong>B40166878<\/strong><\/li><li>Notre activit\u00e9 principale : Lavage, conditionnement et commercialisation de produits horticoles (carottes et poireaux)<\/li><li>Adresse : <strong>Camino de Mozoncillo, s\/n, 40270 &#8211; Carbonero el Mayor (S\u00e9govie)<\/strong><\/li><li>Num\u00e9ro de t\u00e9l\u00e9phone : <strong>+34) 921 122 140 <\/strong><\/li><li>Adresse e-mail : <a href=\"mailto:candido@hortalizascandido.es\"><strong>candido@hortalizascandido.es<\/strong><\/a><\/li><li>Notre site web : <a href=\"https:\/\/hortalizascandido.com\/\"><strong>https:\/\/www.hortalizascandido.com<\/strong><\/a><\/li><li>Pour votre tranquillit\u00e9 d&rsquo;esprit, nous vous informons que nous sommes une soci\u00e9t\u00e9 immatricul\u00e9e au Registre du Commerce de S\u00e9govie, Volume 120, Livre 0, Folio 210, Section 8, Page SG-2706, B401666878.<\/li><\/ul><p>Nous sommes \u00e0 votre service ; n&rsquo;h\u00e9sitez pas \u00e0 nous contacter.<\/p>\t\t\t\t\t\t\t\t<\/div>\n\t\t\t\t<\/div>\n\t\t\t\t<div class=\"elementor-element elementor-element-16c2d2b elementor-widget elementor-widget-text-editor\" data-id=\"16c2d2b\" data-element_type=\"widget\" data-e-type=\"widget\" data-widget_type=\"text-editor.default\">\n\t\t\t\t<div class=\"elementor-widget-container\">\n\t\t\t\t\t\t\t\t\t<h3>\u00c0 quoi serviront vos donn\u00e9es ?<\/h3><p>En g\u00e9n\u00e9ral, vos donn\u00e9es personnelles seront utilis\u00e9es pour communiquer avec vous et vous fournir nos services.<\/p><p>Elles pourront \u00e9galement \u00eatre utilis\u00e9es pour d&rsquo;autres activit\u00e9s, comme l&rsquo;envoi de publicit\u00e9s ou la promotion de nos activit\u00e9s.<\/p><h3>Pourquoi avons-nous besoin de vos donn\u00e9es ?<\/h3><p>Vos donn\u00e9es personnelles sont n\u00e9cessaires pour communiquer avec vous et vous fournir nos services. Nous mettrons \u00e0 votre disposition des cases \u00e0 cocher vous permettant de choisir facilement et clairement comment vos informations personnelles sont utilis\u00e9es.<\/p><h3>Qui aura acc\u00e8s aux informations que nous demandons ?<\/h3><p>En g\u00e9n\u00e9ral, seul le personnel d\u00fbment autoris\u00e9 au sein de notre organisation aura acc\u00e8s aux informations que nous demandons.<\/p><p>De m\u00eame, vos informations personnelles pourront \u00eatre partag\u00e9es avec les entit\u00e9s qui en ont besoin pour que nous puissions vous fournir nos services. Par exemple, notre banque aura acc\u00e8s \u00e0 vos donn\u00e9es si vous payez nos services par carte ou virement bancaire.<\/p><p>De m\u00eame, vos informations seront partag\u00e9es avec les organismes publics ou priv\u00e9s auxquels nous sommes l\u00e9galement tenus de fournir vos donn\u00e9es personnelles. Par exemple, la l\u00e9gislation fiscale nous oblige \u00e0 communiquer \u00e0 l&rsquo;administration fiscale certaines informations relatives aux transactions financi\u00e8res d\u00e9passant un certain seuil.<\/p><p>Si, en dehors des situations mentionn\u00e9es ci-dessus, nous devons partager vos informations personnelles avec d&rsquo;autres entit\u00e9s, nous vous demanderons votre consentement pr\u00e9alable en vous proposant des options claires vous permettant de prendre une d\u00e9cision \u00e9clair\u00e9e.<\/p><h3>Comment prot\u00e9geons-nous vos donn\u00e9es ?<\/h3><p>Nous prot\u00e9geons vos donn\u00e9es gr\u00e2ce \u00e0 des mesures de s\u00e9curit\u00e9 efficaces, adapt\u00e9es aux risques li\u00e9s \u00e0 leur utilisation.<\/p><p>\u00c0 cette fin, notre organisation a adopt\u00e9 une politique de protection des donn\u00e9es et des contr\u00f4les et audits annuels sont r\u00e9alis\u00e9s afin de garantir la s\u00e9curit\u00e9 de vos donn\u00e9es personnelles en permanence.<\/p><h3>Transf\u00e9rons-nous vos donn\u00e9es vers d&rsquo;autres pays ?<\/h3><p>Certains pays offrent un niveau de s\u00e9curit\u00e9 \u00e9lev\u00e9 pour vos donn\u00e9es, tandis que d&rsquo;autres ne le font pas. Par exemple, l&rsquo;Union europ\u00e9enne constitue un environnement s\u00fbr. Notre politique est de ne pas transf\u00e9rer vos informations personnelles vers un pays consid\u00e9r\u00e9 comme non s\u00fbr du point de vue de la protection des donn\u00e9es.<\/p><p>Si, pour vous fournir notre service, il s&rsquo;av\u00e8re n\u00e9cessaire de transf\u00e9rer vos donn\u00e9es vers un pays dont le niveau de s\u00e9curit\u00e9 est inf\u00e9rieur \u00e0 celui de l&rsquo;Espagne, nous vous demanderons syst\u00e9matiquement votre autorisation pr\u00e9alable et mettrons en \u0153uvre des mesures de s\u00e9curit\u00e9 efficaces afin de minimiser les risques li\u00e9s au transfert de vos informations personnelles vers un autre pays.<\/p><h3>Combien de temps conservons-nous vos donn\u00e9es ?<\/h3><p>Nous conservons vos donn\u00e9es pendant toute la dur\u00e9e de notre relation et aussi longtemps que la loi l&rsquo;exige. Une fois les d\u00e9lais l\u00e9gaux de conservation expir\u00e9s, nous supprimerons vos donn\u00e9es de mani\u00e8re s\u00e9curis\u00e9e et responsable.<\/p><h3>Quels sont vos droits en mati\u00e8re de protection des donn\u00e9es ?<\/h3><p>Vous pouvez nous contacter \u00e0 tout moment pour savoir quelles informations nous d\u00e9tenons vous concernant, les corriger si elles sont inexactes et les supprimer une fois notre relation termin\u00e9e, sous r\u00e9serve des dispositions l\u00e9gales applicables.<\/p><p>Vous avez \u00e9galement le droit de demander le transfert de vos donn\u00e9es \u00e0 un autre organisme. Ce droit, appel\u00e9 \u00ab portabilit\u00e9 des donn\u00e9es \u00bb, peut s&rsquo;av\u00e9rer utile dans certaines situations.<\/p><p>Pour exercer l&rsquo;un de ces droits, vous devez nous adresser une demande \u00e9crite \u00e0 notre adresse.<\/p><p>Dans nos bureaux, vous trouverez des formulaires sp\u00e9cifiques pour exercer vos droits, et nous vous accompagnons pour les remplir.<\/p><p>Pour en savoir plus sur vos droits en mati\u00e8re de protection des donn\u00e9es, vous pouvez consulter le site web de l&rsquo;Agence espagnole de protection des donn\u00e9es (www.agpd.es).<\/p><p>Pouvez-vous retirer votre consentement si vous changez d&rsquo;avis ? Vous pouvez retirer votre consentement \u00e0 l&rsquo;utilisation de vos donn\u00e9es \u00e0 tout moment.<\/p><p>Par exemple, si vous souhaitiez recevoir des publicit\u00e9s pour nos produits ou services, mais que vous ne souhaitez plus en recevoir, vous pouvez nous en informer en utilisant le formulaire d&rsquo;opposition au traitement disponible dans nos bureaux.<\/p><h3>Si vous pensez que vos droits ont \u00e9t\u00e9 viol\u00e9s, o\u00f9 pouvez-vous d\u00e9poser une plainte ?<\/h3><p>Si vous pensez que vos droits ont \u00e9t\u00e9 viol\u00e9s par notre organisation, vous pouvez d\u00e9poser une plainte aupr\u00e8s de l\u2019Agence espagnole de protection des donn\u00e9es (AEPD) par l\u2019un des moyens suivants :<\/p><ul><li>En ligne : www.agpd.es<\/li><li>Adresse postale :<\/li><\/ul><p>Agence espagnole de protection des donn\u00e9es<br \/>C\/ Jorge Juan, 6<br \/>28001 Madrid<\/p><ul><li style=\"list-style-type: none;\"><ul><li>Par t\u00e9l\u00e9phone :<ul><li>T\u00e9l.: 901 100 099<\/li><li>T\u00e9l.: 91 266 35 17<\/li><\/ul><\/li><\/ul><\/li><\/ul><p>D\u00e9poser une plainte aupr\u00e8s de l&rsquo;Agence espagnole de protection des donn\u00e9es est gratuit et ne n\u00e9cessite pas de repr\u00e9sentation l\u00e9gale.<\/p><h3>Allons-nous cr\u00e9er des profils vous concernant ?<\/h3><p>Notre politique est de ne pas cr\u00e9er de profils de nos utilisateurs.<\/p><p>Toutefois, pour la fourniture de nos services, \u00e0 des fins commerciales ou autres, nous pouvons \u00eatre amen\u00e9s \u00e0 cr\u00e9er des profils d&rsquo;information vous concernant. Par exemple, nous pourrions utiliser votre historique d&rsquo;achats ou de services pour vous proposer des produits ou services adapt\u00e9s \u00e0 vos go\u00fbts et \u00e0 vos besoins.<\/p><p>Dans ce cas, nous mettrons en \u0153uvre des mesures de s\u00e9curit\u00e9 efficaces afin de prot\u00e9ger vos informations en permanence contre toute personne non autoris\u00e9e qui tenterait de les utiliser \u00e0 son profit.<\/p><h3>Allons-nous utiliser vos donn\u00e9es \u00e0 d&rsquo;autres fins ?<\/h3><p>Notre politique est de ne pas utiliser vos donn\u00e9es \u00e0 d&rsquo;autres fins que celles que nous vous avons expliqu\u00e9es. Si toutefois nous devions utiliser vos donn\u00e9es pour d&rsquo;autres activit\u00e9s, nous vous demanderions toujours votre autorisation au pr\u00e9alable, en vous proposant des options claires vous permettant de choisir.<\/p>\t\t\t\t\t\t\t\t<\/div>\n\t\t\t\t<\/div>\n\t\t\t\t\t<\/div>\n\t\t<\/div>\n\t\t\t\t\t<\/div>\n\t\t<\/section>\n\t\t\t\t<\/div>\n\t\t","protected":false},"excerpt":{"rendered":"<p>En Europe et en Espagne, la r\u00e9glementation sur la protection des donn\u00e9es vise \u00e0 prot\u00e9ger vos informations personnelles, et notre organisation est l\u00e9galement tenue de s&rsquo;y conformer. C&rsquo;est pourquoi il est essentiel pour nous que vous compreniez parfaitement l&rsquo;utilisation que nous&#8230;<\/p>\n","protected":false},"author":1,"featured_media":0,"parent":0,"menu_order":0,"comment_status":"closed","ping_status":"closed","template":"","meta":{"footnotes":""},"class_list":["post-24471","page","type-page","status-publish","hentry"],"yoast_head":"<!-- This site is optimized with the Yoast SEO plugin v27.5 - https:\/\/yoast.com\/product\/yoast-seo-wordpress\/ -->\n<title>Politique de confidentialit\u00e9 - C\u00e1ndido Hortalizas<\/title>\n<meta name=\"robots\" content=\"index, follow, max-snippet:-1, max-image-preview:large, max-video-preview:-1\" \/>\n<link rel=\"canonical\" href=\"https:\/\/hortalizascandido.com\/fr\/politique-de-confidentialite\/\" \/>\n<meta property=\"og:locale\" content=\"fr_FR\" \/>\n<meta property=\"og:type\" content=\"article\" \/>\n<meta property=\"og:title\" content=\"Politique de confidentialit\u00e9 - C\u00e1ndido Hortalizas\" \/>\n<meta property=\"og:description\" content=\"En Europe et en Espagne, la r\u00e9glementation sur la protection des donn\u00e9es vise \u00e0 prot\u00e9ger vos informations personnelles, et notre organisation est l\u00e9galement tenue de s&rsquo;y conformer. C&rsquo;est pourquoi il est essentiel pour nous que vous compreniez parfaitement l&rsquo;utilisation que nous...\" \/>\n<meta property=\"og:url\" content=\"https:\/\/hortalizascandido.com\/fr\/politique-de-confidentialite\/\" \/>\n<meta property=\"og:site_name\" content=\"C\u00e1ndido Hortalizas\" \/>\n<meta property=\"article:modified_time\" content=\"2026-03-17T10:50:37+00:00\" \/>\n<meta name=\"twitter:card\" content=\"summary_large_image\" \/>\n<meta name=\"twitter:label1\" content=\"Dur\u00e9e de lecture estim\u00e9e\" \/>\n\t<meta name=\"twitter:data1\" content=\"6 minutes\" \/>\n<script type=\"application\/ld+json\" class=\"yoast-schema-graph\">{\"@context\":\"https:\\\/\\\/schema.org\",\"@graph\":[{\"@type\":\"WebPage\",\"@id\":\"https:\\\/\\\/hortalizascandido.com\\\/fr\\\/politique-de-confidentialite\\\/\",\"url\":\"https:\\\/\\\/hortalizascandido.com\\\/fr\\\/politique-de-confidentialite\\\/\",\"name\":\"Politique de confidentialit\u00e9 - C\u00e1ndido Hortalizas\",\"isPartOf\":{\"@id\":\"https:\\\/\\\/hortalizascandido.com\\\/fr\\\/#website\"},\"datePublished\":\"2026-03-11T17:02:28+00:00\",\"dateModified\":\"2026-03-17T10:50:37+00:00\",\"breadcrumb\":{\"@id\":\"https:\\\/\\\/hortalizascandido.com\\\/fr\\\/politique-de-confidentialite\\\/#breadcrumb\"},\"inLanguage\":\"fr-FR\",\"potentialAction\":[{\"@type\":\"ReadAction\",\"target\":[\"https:\\\/\\\/hortalizascandido.com\\\/fr\\\/politique-de-confidentialite\\\/\"]}]},{\"@type\":\"BreadcrumbList\",\"@id\":\"https:\\\/\\\/hortalizascandido.com\\\/fr\\\/politique-de-confidentialite\\\/#breadcrumb\",\"itemListElement\":[{\"@type\":\"ListItem\",\"position\":1,\"name\":\"Portada\",\"item\":\"https:\\\/\\\/hortalizascandido.com\\\/fr\\\/\"},{\"@type\":\"ListItem\",\"position\":2,\"name\":\"Politique de confidentialit\u00e9\"}]},{\"@type\":\"WebSite\",\"@id\":\"https:\\\/\\\/hortalizascandido.com\\\/fr\\\/#website\",\"url\":\"https:\\\/\\\/hortalizascandido.com\\\/fr\\\/\",\"name\":\"C\u00e1ndido Hortalizas\",\"description\":\"\",\"publisher\":{\"@id\":\"https:\\\/\\\/hortalizascandido.com\\\/fr\\\/#organization\"},\"potentialAction\":[{\"@type\":\"SearchAction\",\"target\":{\"@type\":\"EntryPoint\",\"urlTemplate\":\"https:\\\/\\\/hortalizascandido.com\\\/fr\\\/?s={search_term_string}\"},\"query-input\":{\"@type\":\"PropertyValueSpecification\",\"valueRequired\":true,\"valueName\":\"search_term_string\"}}],\"inLanguage\":\"fr-FR\"},{\"@type\":\"Organization\",\"@id\":\"https:\\\/\\\/hortalizascandido.com\\\/fr\\\/#organization\",\"name\":\"C\u00e1ndido Hortalizas\",\"url\":\"https:\\\/\\\/hortalizascandido.com\\\/fr\\\/\",\"logo\":{\"@type\":\"ImageObject\",\"inLanguage\":\"fr-FR\",\"@id\":\"https:\\\/\\\/hortalizascandido.com\\\/fr\\\/#\\\/schema\\\/logo\\\/image\\\/\",\"url\":\"https:\\\/\\\/hortalizascandido.com\\\/wp-content\\\/uploads\\\/2023\\\/11\\\/candido-logo-240.png\",\"contentUrl\":\"https:\\\/\\\/hortalizascandido.com\\\/wp-content\\\/uploads\\\/2023\\\/11\\\/candido-logo-240.png\",\"width\":240,\"height\":198,\"caption\":\"C\u00e1ndido Hortalizas\"},\"image\":{\"@id\":\"https:\\\/\\\/hortalizascandido.com\\\/fr\\\/#\\\/schema\\\/logo\\\/image\\\/\"}}]}<\/script>\n<!-- \/ Yoast SEO plugin. -->","yoast_head_json":{"title":"Politique de confidentialit\u00e9 - C\u00e1ndido Hortalizas","robots":{"index":"index","follow":"follow","max-snippet":"max-snippet:-1","max-image-preview":"max-image-preview:large","max-video-preview":"max-video-preview:-1"},"canonical":"https:\/\/hortalizascandido.com\/fr\/politique-de-confidentialite\/","og_locale":"fr_FR","og_type":"article","og_title":"Politique de confidentialit\u00e9 - C\u00e1ndido Hortalizas","og_description":"En Europe et en Espagne, la r\u00e9glementation sur la protection des donn\u00e9es vise \u00e0 prot\u00e9ger vos informations personnelles, et notre organisation est l\u00e9galement tenue de s&rsquo;y conformer. C&rsquo;est pourquoi il est essentiel pour nous que vous compreniez parfaitement l&rsquo;utilisation que nous...","og_url":"https:\/\/hortalizascandido.com\/fr\/politique-de-confidentialite\/","og_site_name":"C\u00e1ndido Hortalizas","article_modified_time":"2026-03-17T10:50:37+00:00","twitter_card":"summary_large_image","twitter_misc":{"Dur\u00e9e de lecture estim\u00e9e":"6 minutes"},"schema":{"@context":"https:\/\/schema.org","@graph":[{"@type":"WebPage","@id":"https:\/\/hortalizascandido.com\/fr\/politique-de-confidentialite\/","url":"https:\/\/hortalizascandido.com\/fr\/politique-de-confidentialite\/","name":"Politique de confidentialit\u00e9 - C\u00e1ndido Hortalizas","isPartOf":{"@id":"https:\/\/hortalizascandido.com\/fr\/#website"},"datePublished":"2026-03-11T17:02:28+00:00","dateModified":"2026-03-17T10:50:37+00:00","breadcrumb":{"@id":"https:\/\/hortalizascandido.com\/fr\/politique-de-confidentialite\/#breadcrumb"},"inLanguage":"fr-FR","potentialAction":[{"@type":"ReadAction","target":["https:\/\/hortalizascandido.com\/fr\/politique-de-confidentialite\/"]}]},{"@type":"BreadcrumbList","@id":"https:\/\/hortalizascandido.com\/fr\/politique-de-confidentialite\/#breadcrumb","itemListElement":[{"@type":"ListItem","position":1,"name":"Portada","item":"https:\/\/hortalizascandido.com\/fr\/"},{"@type":"ListItem","position":2,"name":"Politique de confidentialit\u00e9"}]},{"@type":"WebSite","@id":"https:\/\/hortalizascandido.com\/fr\/#website","url":"https:\/\/hortalizascandido.com\/fr\/","name":"C\u00e1ndido Hortalizas","description":"","publisher":{"@id":"https:\/\/hortalizascandido.com\/fr\/#organization"},"potentialAction":[{"@type":"SearchAction","target":{"@type":"EntryPoint","urlTemplate":"https:\/\/hortalizascandido.com\/fr\/?s={search_term_string}"},"query-input":{"@type":"PropertyValueSpecification","valueRequired":true,"valueName":"search_term_string"}}],"inLanguage":"fr-FR"},{"@type":"Organization","@id":"https:\/\/hortalizascandido.com\/fr\/#organization","name":"C\u00e1ndido Hortalizas","url":"https:\/\/hortalizascandido.com\/fr\/","logo":{"@type":"ImageObject","inLanguage":"fr-FR","@id":"https:\/\/hortalizascandido.com\/fr\/#\/schema\/logo\/image\/","url":"https:\/\/hortalizascandido.com\/wp-content\/uploads\/2023\/11\/candido-logo-240.png","contentUrl":"https:\/\/hortalizascandido.com\/wp-content\/uploads\/2023\/11\/candido-logo-240.png","width":240,"height":198,"caption":"C\u00e1ndido Hortalizas"},"image":{"@id":"https:\/\/hortalizascandido.com\/fr\/#\/schema\/logo\/image\/"}}]}},"_links":{"self":[{"href":"https:\/\/hortalizascandido.com\/fr\/wp-json\/wp\/v2\/pages\/24471","targetHints":{"allow":["GET"]}}],"collection":[{"href":"https:\/\/hortalizascandido.com\/fr\/wp-json\/wp\/v2\/pages"}],"about":[{"href":"https:\/\/hortalizascandido.com\/fr\/wp-json\/wp\/v2\/types\/page"}],"author":[{"embeddable":true,"href":"https:\/\/hortalizascandido.com\/fr\/wp-json\/wp\/v2\/users\/1"}],"replies":[{"embeddable":true,"href":"https:\/\/hortalizascandido.com\/fr\/wp-json\/wp\/v2\/comments?post=24471"}],"version-history":[{"count":22,"href":"https:\/\/hortalizascandido.com\/fr\/wp-json\/wp\/v2\/pages\/24471\/revisions"}],"predecessor-version":[{"id":24681,"href":"https:\/\/hortalizascandido.com\/fr\/wp-json\/wp\/v2\/pages\/24471\/revisions\/24681"}],"wp:attachment":[{"href":"https:\/\/hortalizascandido.com\/fr\/wp-json\/wp\/v2\/media?parent=24471"}],"curies":[{"name":"wp","href":"https:\/\/api.w.org\/{rel}","templated":true}]}}